{"id":14,"date":"2016-05-20T19:56:59","date_gmt":"2016-05-20T19:56:59","guid":{"rendered":"http:\/\/localhost\/rolltex\/?page_id=9"},"modified":"2025-03-31T10:12:37","modified_gmt":"2025-03-31T15:12:37","slug":"products","status":"publish","type":"page","link":"https:\/\/rolltexshutters.com\/es\/products\/","title":{"rendered":"Productos"},"content":{"rendered":"<div class=\"wpb-content-wrapper\"><p>[vc_row][vc_column][rev_slider_vc alias=\u00bbgallery\u00bb][\/vc_column][\/vc_row][vc_row][vc_column][vc_empty_space height=\u00bb15px\u00bb][vc_column_text]<\/p>\n<h2>PRODUCTOS<\/h2>\n<p><strong>Proteja su hogar o negocio con nuestros productos para huracanes, seguridad y protecci\u00f3n solar<\/strong><\/p>\n<p>Rolltex Shutters ensambla, instala y mantiene Persianas Enrrollables, Persianas de Acorde\u00f3n, Paneles Hurac\u00e1n, Persianas Coloniales, Persianas Bahama, Toldos Retr\u00e1ctiles y Pantallas Solares Retr\u00e1ctiles. Nuestros productos proporcionan hogares y negocios con un nivel superior de protecci\u00f3n para el hurac\u00e1n, tormenta, sol, ahorro de energ\u00eda y reducci\u00f3n de ruido.<\/p>\n<p>Partes disponibles para Cortinas Enrrollables y Rolling Shutters &amp; Toldos Retr\u00e1ctiles.<\/p>\n<p><strong>Ll\u00e1menos o escr\u00edbanos por e-mail hoy, para platiar sobre su proyecto \u2013 281-991-9200<br \/>\n<\/strong>[\/vc_column_text][\/vc_column][\/vc_row][vc_row][vc_column][section_portfolio template=\u00bblanding\u00bb][\/vc_column][\/vc_row]<\/p>\n<\/div>","protected":false},"excerpt":{"rendered":"<p>[vc_row][vc_column][rev_slider_vc alias=\u00bbgallery\u00bb][\/vc_column][\/vc_row][vc_row][vc_column][vc_empty_space height=\u00bb15px\u00bb][vc_column_text] PRODUCTOS Proteja su hogar o negocio con nuestros productos para huracanes, seguridad y protecci\u00f3n solar Rolltex Shutters ensambla, instala y mantiene Persianas Enrrollables, Persianas de Acorde\u00f3n, Paneles Hurac\u00e1n, Persianas Coloniales, Persianas Bahama, Toldos Retr\u00e1ctiles y Pantallas Solares Retr\u00e1ctiles. Nuestros productos proporcionan hogares y negocios con un nivel superior de protecci\u00f3n para el [&hellip;]<\/p>\n","protected":false},"author":1,"featured_media":0,"parent":0,"menu_order":0,"comment_status":"open","ping_status":"open","template":"","meta":{"footnotes":""},"class_list":["post-14","page","type-page","status-publish","hentry"],"yoast_head":"<!-- This site is optimized with the Yoast SEO plugin v27.4 - https:\/\/yoast.com\/product\/yoast-seo-wordpress\/ -->\n<title>(English) View Our Products | Houston TX | Rolltex Shutters<\/title>\n<meta name=\"description\" content=\"(English) Browse the hurricane panels, security shutters, and retractable awnings offered by Rolltex Shutters! We assist clients across Houston, TX and beyond.\" \/>\n<meta name=\"robots\" content=\"index, follow, max-snippet:-1, max-image-preview:large, max-video-preview:-1\" \/>\n<link rel=\"canonical\" href=\"https:\/\/rolltexshutters.com\/products\/\" \/>\n<meta property=\"og:locale\" content=\"es_ES\" \/>\n<meta property=\"og:type\" content=\"article\" \/>\n<meta property=\"og:title\" content=\"[:en]View Our Products | Houston TX | Rolltex Shutters[:]\" \/>\n<meta property=\"og:description\" content=\"{:en}Browse the hurricane panels, security shutters, and retractable awnings offered by Rolltex Shutters! We assist clients across Houston, TX and beyond.{:}\" \/>\n<meta property=\"og:url\" content=\"https:\/\/rolltexshutters.com\/products\/\" \/>\n<meta property=\"og:site_name\" content=\"Rolltexshutters\" \/>\n<meta property=\"article:modified_time\" content=\"2025-03-31T15:12:37+00:00\" \/>\n<meta name=\"twitter:card\" content=\"summary_large_image\" \/>\n<meta name=\"twitter:label1\" content=\"Tiempo de lectura\" \/>\n\t<meta name=\"twitter:data1\" content=\"3 minutos\" \/>\n<script type=\"application\/ld+json\" class=\"yoast-schema-graph\">{\"@context\":\"https:\\\/\\\/schema.org\",\"@graph\":[{\"@type\":\"WebPage\",\"@id\":\"https:\\\/\\\/rolltexshutters.com\\\/products\\\/\",\"url\":\"https:\\\/\\\/rolltexshutters.com\\\/products\\\/\",\"name\":\"[:en]View Our Products | Houston TX | Rolltex Shutters[:]\",\"isPartOf\":{\"@id\":\"https:\\\/\\\/rolltexshutters.com\\\/#website\"},\"datePublished\":\"2016-05-20T19:56:59+00:00\",\"dateModified\":\"2025-03-31T15:12:37+00:00\",\"description\":\"{:en}Browse the hurricane panels, security shutters, and retractable awnings offered by Rolltex Shutters! We assist clients across Houston, TX and beyond.{:}\",\"breadcrumb\":{\"@id\":\"https:\\\/\\\/rolltexshutters.com\\\/products\\\/#breadcrumb\"},\"inLanguage\":\"es\",\"potentialAction\":[{\"@type\":\"ReadAction\",\"target\":[\"https:\\\/\\\/rolltexshutters.com\\\/products\\\/\"]}]},{\"@type\":\"BreadcrumbList\",\"@id\":\"https:\\\/\\\/rolltexshutters.com\\\/products\\\/#breadcrumb\",\"itemListElement\":[{\"@type\":\"ListItem\",\"position\":1,\"name\":\"Home\",\"item\":\"https:\\\/\\\/rolltexshutters.com\\\/\"},{\"@type\":\"ListItem\",\"position\":2,\"name\":\"Products\"}]},{\"@type\":\"WebSite\",\"@id\":\"https:\\\/\\\/rolltexshutters.com\\\/#website\",\"url\":\"https:\\\/\\\/rolltexshutters.com\\\/\",\"name\":\"Rolltexshutters\",\"description\":\"Hurricane and Storm Protection\",\"potentialAction\":[{\"@type\":\"SearchAction\",\"target\":{\"@type\":\"EntryPoint\",\"urlTemplate\":\"https:\\\/\\\/rolltexshutters.com\\\/?s={search_term_string}\"},\"query-input\":{\"@type\":\"PropertyValueSpecification\",\"valueRequired\":true,\"valueName\":\"search_term_string\"}}],\"inLanguage\":\"es\"}]}<\/script>\n<!-- \/ Yoast SEO plugin. -->","yoast_head_json":{"title":"(English) View Our Products | Houston TX | Rolltex Shutters","description":"(English) Browse the hurricane panels, security shutters, and retractable awnings offered by Rolltex Shutters! We assist clients across Houston, TX and beyond.","robots":{"index":"index","follow":"follow","max-snippet":"max-snippet:-1","max-image-preview":"max-image-preview:large","max-video-preview":"max-video-preview:-1"},"canonical":"https:\/\/rolltexshutters.com\/products\/","og_locale":"es_ES","og_type":"article","og_title":"[:en]View Our Products | Houston TX | Rolltex Shutters[:]","og_description":"{:en}Browse the hurricane panels, security shutters, and retractable awnings offered by Rolltex Shutters! We assist clients across Houston, TX and beyond.{:}","og_url":"https:\/\/rolltexshutters.com\/products\/","og_site_name":"Rolltexshutters","article_modified_time":"2025-03-31T15:12:37+00:00","twitter_card":"summary_large_image","twitter_misc":{"Tiempo de lectura":"3 minutos"},"schema":{"@context":"https:\/\/schema.org","@graph":[{"@type":"WebPage","@id":"https:\/\/rolltexshutters.com\/products\/","url":"https:\/\/rolltexshutters.com\/products\/","name":"[:en]View Our Products | Houston TX | Rolltex Shutters[:]","isPartOf":{"@id":"https:\/\/rolltexshutters.com\/#website"},"datePublished":"2016-05-20T19:56:59+00:00","dateModified":"2025-03-31T15:12:37+00:00","description":"{:en}Browse the hurricane panels, security shutters, and retractable awnings offered by Rolltex Shutters! We assist clients across Houston, TX and beyond.{:}","breadcrumb":{"@id":"https:\/\/rolltexshutters.com\/products\/#breadcrumb"},"inLanguage":"es","potentialAction":[{"@type":"ReadAction","target":["https:\/\/rolltexshutters.com\/products\/"]}]},{"@type":"BreadcrumbList","@id":"https:\/\/rolltexshutters.com\/products\/#breadcrumb","itemListElement":[{"@type":"ListItem","position":1,"name":"Home","item":"https:\/\/rolltexshutters.com\/"},{"@type":"ListItem","position":2,"name":"Products"}]},{"@type":"WebSite","@id":"https:\/\/rolltexshutters.com\/#website","url":"https:\/\/rolltexshutters.com\/","name":"Rolltexshutters","description":"Hurricane and Storm Protection","potentialAction":[{"@type":"SearchAction","target":{"@type":"EntryPoint","urlTemplate":"https:\/\/rolltexshutters.com\/?s={search_term_string}"},"query-input":{"@type":"PropertyValueSpecification","valueRequired":true,"valueName":"search_term_string"}}],"inLanguage":"es"}]}},"_links":{"self":[{"href":"https:\/\/rolltexshutters.com\/es\/wp-json\/wp\/v2\/pages\/14","targetHints":{"allow":["GET"]}}],"collection":[{"href":"https:\/\/rolltexshutters.com\/es\/wp-json\/wp\/v2\/pages"}],"about":[{"href":"https:\/\/rolltexshutters.com\/es\/wp-json\/wp\/v2\/types\/page"}],"author":[{"embeddable":true,"href":"https:\/\/rolltexshutters.com\/es\/wp-json\/wp\/v2\/users\/1"}],"replies":[{"embeddable":true,"href":"https:\/\/rolltexshutters.com\/es\/wp-json\/wp\/v2\/comments?post=14"}],"version-history":[{"count":11,"href":"https:\/\/rolltexshutters.com\/es\/wp-json\/wp\/v2\/pages\/14\/revisions"}],"predecessor-version":[{"id":3623,"href":"https:\/\/rolltexshutters.com\/es\/wp-json\/wp\/v2\/pages\/14\/revisions\/3623"}],"wp:attachment":[{"href":"https:\/\/rolltexshutters.com\/es\/wp-json\/wp\/v2\/media?parent=14"}],"curies":[{"name":"wp","href":"https:\/\/api.w.org\/{rel}","templated":true}]}}