{"id":13,"date":"2016-05-20T19:56:32","date_gmt":"2016-05-20T19:56:32","guid":{"rendered":"http:\/\/localhost\/rolltex\/?page_id=7"},"modified":"2026-04-02T13:52:07","modified_gmt":"2026-04-02T18:52:07","slug":"about-us","status":"publish","type":"page","link":"https:\/\/rolltexshutters.com\/es\/about-us\/","title":{"rendered":"Empresa"},"content":{"rendered":"<div class=\"wpb-content-wrapper\"><p>[vc_row][vc_column][rev_slider_vc alias=\u00bbabout\u00bb][\/vc_column][\/vc_row][vc_row][vc_column][vc_empty_space][vc_column_text]<\/p>\n<h2>NOSOTROS<\/h2>\n<p>[\/vc_column_text][vc_empty_space][\/vc_column][\/vc_row][vc_row][vc_column width=\u00bb1\/2&#8243;][vc_column_text]Rolltex Shutters es una empresa de y operada por una familia que ofrece persianas enrrollables exteriores de alta calidad, as\u00ed como paneles de tormentas, cortinas de acorde\u00f3n, persianas coloniales, persianas Bahama, toldos retractables y pantallas solares retr\u00e1ctiles. Estamos orgullosos de nosotros mismos con m\u00e1s de 30 a\u00f1os de experiencia en la industria de persianas, con instalaciones en Freeport Coast Guard, Birch Telecom Computer Room. The Hospice, The Methodist Hospital, The Lynchburg Ferry, The Gulf Coast Regional Blood Center, The Washburn Tunnel, Excel Telecom, NASA @ Ellington Field, University of Houston, The University of Texas at Medical Center &amp; Auxiliary Enterprises, City of Baytown, City of Mount Belvieu, y muchos m\u00e1s nuevos clientes comerciales y residenciales satisfechos se a\u00f1aden cada d\u00eda.[\/vc_column_text][\/vc_column][vc_column width=\u00bb1\/2&#8243;][vc_video link=\u00bbhttps:\/\/www.youtube.com\/watch?v=QkLZLxQ0fho\u00bb el_aspect=\u00bb43&#8243;][\/vc_column][\/vc_row]<\/p>\n<\/div>","protected":false},"excerpt":{"rendered":"<p>[vc_row][vc_column][rev_slider_vc alias=\u00bbabout\u00bb][\/vc_column][\/vc_row][vc_row][vc_column][vc_empty_space][vc_column_text] NOSOTROS [\/vc_column_text][vc_empty_space][\/vc_column][\/vc_row][vc_row][vc_column width=\u00bb1\/2&#8243;][vc_column_text]Rolltex Shutters es una empresa de y operada por una familia que ofrece persianas enrrollables exteriores de alta calidad, as\u00ed como paneles de tormentas, cortinas de acorde\u00f3n, persianas coloniales, persianas Bahama, toldos retractables y pantallas solares retr\u00e1ctiles. Estamos orgullosos de nosotros mismos con m\u00e1s de 30 a\u00f1os de experiencia en la [&hellip;]<\/p>\n","protected":false},"author":1,"featured_media":0,"parent":0,"menu_order":0,"comment_status":"open","ping_status":"open","template":"","meta":{"footnotes":""},"class_list":["post-13","page","type-page","status-publish","hentry"],"yoast_head":"<!-- This site is optimized with the Yoast SEO plugin v27.4 - https:\/\/yoast.com\/product\/yoast-seo-wordpress\/ -->\n<title>(English) About Us | Houston TX | Rolltex Shutters<\/title>\n<meta name=\"description\" content=\"(English) Rolltex Shutters has provided security shutters across the Houston, TX region for over 30 years! We assist both residential and commercial clients.\" \/>\n<meta name=\"robots\" content=\"index, follow, max-snippet:-1, max-image-preview:large, max-video-preview:-1\" \/>\n<link rel=\"canonical\" href=\"https:\/\/rolltexshutters.com\/about-us\/\" \/>\n<meta property=\"og:locale\" content=\"es_ES\" \/>\n<meta property=\"og:type\" content=\"article\" \/>\n<meta property=\"og:title\" content=\"[:en]About Us | Houston TX | Rolltex Shutters[:]\" \/>\n<meta property=\"og:description\" content=\"{:en}Rolltex Shutters has provided security shutters across the Houston, TX region for over 30 years! We assist both residential and commercial clients.{:}\" \/>\n<meta property=\"og:url\" content=\"https:\/\/rolltexshutters.com\/about-us\/\" \/>\n<meta property=\"og:site_name\" content=\"Rolltexshutters\" \/>\n<meta property=\"article:modified_time\" content=\"2026-04-02T18:52:07+00:00\" \/>\n<meta name=\"twitter:card\" content=\"summary_large_image\" \/>\n<meta name=\"twitter:label1\" content=\"Tiempo de lectura\" \/>\n\t<meta name=\"twitter:data1\" content=\"2 minutos\" \/>\n<script type=\"application\/ld+json\" class=\"yoast-schema-graph\">{\"@context\":\"https:\\\/\\\/schema.org\",\"@graph\":[{\"@type\":\"WebPage\",\"@id\":\"https:\\\/\\\/rolltexshutters.com\\\/about-us\\\/\",\"url\":\"https:\\\/\\\/rolltexshutters.com\\\/about-us\\\/\",\"name\":\"[:en]About Us | Houston TX | Rolltex Shutters[:]\",\"isPartOf\":{\"@id\":\"https:\\\/\\\/rolltexshutters.com\\\/#website\"},\"datePublished\":\"2016-05-20T19:56:32+00:00\",\"dateModified\":\"2026-04-02T18:52:07+00:00\",\"description\":\"{:en}Rolltex Shutters has provided security shutters across the Houston, TX region for over 30 years! We assist both residential and commercial clients.{:}\",\"breadcrumb\":{\"@id\":\"https:\\\/\\\/rolltexshutters.com\\\/about-us\\\/#breadcrumb\"},\"inLanguage\":\"es\",\"potentialAction\":[{\"@type\":\"ReadAction\",\"target\":[\"https:\\\/\\\/rolltexshutters.com\\\/about-us\\\/\"]}]},{\"@type\":\"BreadcrumbList\",\"@id\":\"https:\\\/\\\/rolltexshutters.com\\\/about-us\\\/#breadcrumb\",\"itemListElement\":[{\"@type\":\"ListItem\",\"position\":1,\"name\":\"Home\",\"item\":\"https:\\\/\\\/rolltexshutters.com\\\/\"},{\"@type\":\"ListItem\",\"position\":2,\"name\":\"About Us\"}]},{\"@type\":\"WebSite\",\"@id\":\"https:\\\/\\\/rolltexshutters.com\\\/#website\",\"url\":\"https:\\\/\\\/rolltexshutters.com\\\/\",\"name\":\"Rolltexshutters\",\"description\":\"Hurricane and Storm Protection\",\"potentialAction\":[{\"@type\":\"SearchAction\",\"target\":{\"@type\":\"EntryPoint\",\"urlTemplate\":\"https:\\\/\\\/rolltexshutters.com\\\/?s={search_term_string}\"},\"query-input\":{\"@type\":\"PropertyValueSpecification\",\"valueRequired\":true,\"valueName\":\"search_term_string\"}}],\"inLanguage\":\"es\"}]}<\/script>\n<!-- \/ Yoast SEO plugin. -->","yoast_head_json":{"title":"(English) About Us | Houston TX | Rolltex Shutters","description":"(English) Rolltex Shutters has provided security shutters across the Houston, TX region for over 30 years! We assist both residential and commercial clients.","robots":{"index":"index","follow":"follow","max-snippet":"max-snippet:-1","max-image-preview":"max-image-preview:large","max-video-preview":"max-video-preview:-1"},"canonical":"https:\/\/rolltexshutters.com\/about-us\/","og_locale":"es_ES","og_type":"article","og_title":"[:en]About Us | Houston TX | Rolltex Shutters[:]","og_description":"{:en}Rolltex Shutters has provided security shutters across the Houston, TX region for over 30 years! We assist both residential and commercial clients.{:}","og_url":"https:\/\/rolltexshutters.com\/about-us\/","og_site_name":"Rolltexshutters","article_modified_time":"2026-04-02T18:52:07+00:00","twitter_card":"summary_large_image","twitter_misc":{"Tiempo de lectura":"2 minutos"},"schema":{"@context":"https:\/\/schema.org","@graph":[{"@type":"WebPage","@id":"https:\/\/rolltexshutters.com\/about-us\/","url":"https:\/\/rolltexshutters.com\/about-us\/","name":"[:en]About Us | Houston TX | Rolltex Shutters[:]","isPartOf":{"@id":"https:\/\/rolltexshutters.com\/#website"},"datePublished":"2016-05-20T19:56:32+00:00","dateModified":"2026-04-02T18:52:07+00:00","description":"{:en}Rolltex Shutters has provided security shutters across the Houston, TX region for over 30 years! We assist both residential and commercial clients.{:}","breadcrumb":{"@id":"https:\/\/rolltexshutters.com\/about-us\/#breadcrumb"},"inLanguage":"es","potentialAction":[{"@type":"ReadAction","target":["https:\/\/rolltexshutters.com\/about-us\/"]}]},{"@type":"BreadcrumbList","@id":"https:\/\/rolltexshutters.com\/about-us\/#breadcrumb","itemListElement":[{"@type":"ListItem","position":1,"name":"Home","item":"https:\/\/rolltexshutters.com\/"},{"@type":"ListItem","position":2,"name":"About Us"}]},{"@type":"WebSite","@id":"https:\/\/rolltexshutters.com\/#website","url":"https:\/\/rolltexshutters.com\/","name":"Rolltexshutters","description":"Hurricane and Storm Protection","potentialAction":[{"@type":"SearchAction","target":{"@type":"EntryPoint","urlTemplate":"https:\/\/rolltexshutters.com\/?s={search_term_string}"},"query-input":{"@type":"PropertyValueSpecification","valueRequired":true,"valueName":"search_term_string"}}],"inLanguage":"es"}]}},"_links":{"self":[{"href":"https:\/\/rolltexshutters.com\/es\/wp-json\/wp\/v2\/pages\/13","targetHints":{"allow":["GET"]}}],"collection":[{"href":"https:\/\/rolltexshutters.com\/es\/wp-json\/wp\/v2\/pages"}],"about":[{"href":"https:\/\/rolltexshutters.com\/es\/wp-json\/wp\/v2\/types\/page"}],"author":[{"embeddable":true,"href":"https:\/\/rolltexshutters.com\/es\/wp-json\/wp\/v2\/users\/1"}],"replies":[{"embeddable":true,"href":"https:\/\/rolltexshutters.com\/es\/wp-json\/wp\/v2\/comments?post=13"}],"version-history":[{"count":10,"href":"https:\/\/rolltexshutters.com\/es\/wp-json\/wp\/v2\/pages\/13\/revisions"}],"predecessor-version":[{"id":3897,"href":"https:\/\/rolltexshutters.com\/es\/wp-json\/wp\/v2\/pages\/13\/revisions\/3897"}],"wp:attachment":[{"href":"https:\/\/rolltexshutters.com\/es\/wp-json\/wp\/v2\/media?parent=13"}],"curies":[{"name":"wp","href":"https:\/\/api.w.org\/{rel}","templated":true}]}}